{"id":140,"date":"2020-05-12T21:14:12","date_gmt":"2020-05-12T20:14:12","guid":{"rendered":"https:\/\/testprod.sanh.hr\/?page_id=140"},"modified":"2023-11-11T21:45:05","modified_gmt":"2023-11-11T20:45:05","slug":"zagreb-cvjetno-dockers","status":"publish","type":"page","link":"https:\/\/sanh.hr\/en\/klubovi\/muski\/zagreb-cvjetno-dockers\/","title":{"rendered":"Zagreb Cvjetno Dockers"},"content":{"rendered":"<figure class=\"wp-block-image size-large\"><img loading=\"lazy\" decoding=\"async\" width=\"960\" height=\"960\" src=\"https:\/\/sanh.hr\/wp-content\/uploads\/2020\/08\/4.jpg\" alt=\"Zagreb Cvjetno Dockers\" class=\"wp-image-325\" srcset=\"https:\/\/sanh.hr\/wp-content\/uploads\/2020\/08\/4.jpg 960w, https:\/\/sanh.hr\/wp-content\/uploads\/2020\/08\/4-300x300.jpg 300w, https:\/\/sanh.hr\/wp-content\/uploads\/2020\/08\/4-150x150.jpg 150w, https:\/\/sanh.hr\/wp-content\/uploads\/2020\/08\/4-768x768.jpg 768w, https:\/\/sanh.hr\/wp-content\/uploads\/2020\/08\/4-128x128.jpg 128w, https:\/\/sanh.hr\/wp-content\/uploads\/2020\/08\/4-32x32.jpg 32w\" sizes=\"(max-width: 960px) 100vw, 960px\" \/><\/figure>\n\n\n\n<p>Zagreb Cvjetno Dockers je sljednik kluba Velika Gorica Bombers koji je 2011. osvojio prvenstvo Hrvatske. Nakon dogovora o suradnji sa AFL klubom Fremantle Dockers, klub 2013. postaje Velika Gorica Dockers, a 2014. seli u Zagreb i osniva se Zagreb Cvjetno Dockers. Tijekom svog postojanja klub je zabilje\u017eio iznimne rezultate, nekoliko naslova prvaka Hrvatske te Centralno-europskih prvaka. Od 2015. do 2019. klub je nastupao na Ligi prvaka te je u tom razdoblju konstantno me\u0111u 10 najboljih klubova Europe. Zanimljiva podudarnost je \u0161to su u vrijeme dogovaranja partnerstva sa Fremantle Dockersima igra\u010di \u010desto izlazili u kultni zagreba\u010dki klub Sidro \u0161to je ujedno i simbol kluba.<br><\/p>\n\n\n\n<div class=\"wp-block-columns is-layout-flex wp-container-core-columns-is-layout-1 wp-block-columns-is-layout-flex\">\n<div class=\"wp-block-column is-layout-flow wp-block-column-is-layout-flow\" style=\"flex-basis:66.4%\">\n<h3 class=\"wp-block-heading\">Basic information<\/h3>\n\n\n\n<p><strong>Address:<\/strong> Horva\u0107anski zavoj, Teren za australski nogomet(iza KIF-a)<br><strong>Contact:<\/strong> Ivan (0989692814), ivan_nar@yahoo.com; Viktor (0989148041), viktor.kolcic@gmail.com<br><strong>Facebook:<\/strong> https:\/\/www.facebook.com\/ZCDockers\/<\/p>\n<\/div>\n\n\n\n<div class=\"wp-block-column is-layout-flow wp-block-column-is-layout-flow\" style=\"flex-basis:33.33%\">\n<figure class=\"wp-block-image size-mh-magazine-lite-content is-resized\"><img loading=\"lazy\" decoding=\"async\" src=\"https:\/\/testprod.sanh.hr\/wp-content\/uploads\/2020\/08\/dockers-396x381.png\" alt=\"\" class=\"wp-image-318\" width=\"116\" height=\"112\" srcset=\"https:\/\/sanh.hr\/wp-content\/uploads\/2020\/08\/dockers-396x381.png 396w, https:\/\/sanh.hr\/wp-content\/uploads\/2020\/08\/dockers-32x32.png 32w\" sizes=\"(max-width: 116px) 100vw, 116px\" \/><\/figure>\n<\/div>\n<\/div>\n\n\n\n<h3 class=\"wp-block-heading\">Trophies<\/h3>\n\n\n\n<p><strong>Aussie League of Croatia<\/strong><br><strong>Champions:<\/strong> 2015., 2016.<br><br><strong>CEAFL<\/strong><br><strong>Champions:<\/strong> 2017., 2018.<\/p>\n\n\n\n<div class=\"wp-block-columns is-layout-flex wp-container-core-columns-is-layout-2 wp-block-columns-is-layout-flex\">\n<div class=\"wp-block-column is-layout-flow wp-block-column-is-layout-flow\" style=\"flex-basis:25%\"><\/div>\n\n\n\n<div class=\"wp-block-column is-layout-flow wp-block-column-is-layout-flow\" style=\"flex-basis:50%\">\n<div class=\"alignnormal\"><div id=\"metaslider-id-330\" style=\"width: 100%;\" class=\"ml-slider-3-60-1 metaslider metaslider-flex metaslider-330 ml-slider ms-theme-default\" role=\"region\" aria-roledescription=\"Slideshow\" aria-label=\"Dockers\">\n    <div id=\"metaslider_container_330\">\n        <div id=\"metaslider_330\">\n            <ul aria-live=\"polite\" class=\"slides\">\n                <li style=\"display: block; width: 100%;\" class=\"slide-331 ms-image\" aria-roledescription=\"slide\" aria-label=\"slide-331\"><img loading=\"lazy\" decoding=\"async\" src=\"https:\/\/sanh.hr\/wp-content\/uploads\/2020\/08\/1-700x300.jpg\" height=\"300\" width=\"700\" alt=\"\" class=\"slider-330 slide-331\" title=\"1\" \/><\/li>\n                <li style=\"display: none; width: 100%;\" class=\"slide-332 ms-image\" aria-roledescription=\"slide\" aria-label=\"slide-332\"><img loading=\"lazy\" decoding=\"async\" src=\"https:\/\/sanh.hr\/wp-content\/uploads\/2020\/08\/2-700x300.jpg\" height=\"300\" width=\"700\" alt=\"\" class=\"slider-330 slide-332\" title=\"2\" \/><\/li>\n                <li style=\"display: none; width: 100%;\" class=\"slide-333 ms-image\" aria-roledescription=\"slide\" aria-label=\"slide-333\"><img loading=\"lazy\" decoding=\"async\" src=\"https:\/\/sanh.hr\/wp-content\/uploads\/2020\/08\/3-700x300.jpg\" height=\"300\" width=\"700\" alt=\"\" class=\"slider-330 slide-333\" title=\"3\" \/><\/li>\n                <li style=\"display: none; width: 100%;\" class=\"slide-334 ms-image\" aria-roledescription=\"slide\" aria-label=\"slide-334\"><img loading=\"lazy\" decoding=\"async\" src=\"https:\/\/sanh.hr\/wp-content\/uploads\/2020\/08\/4-700x300.jpg\" height=\"300\" width=\"700\" alt=\"Zagreb Cvjetno Dockers\" class=\"slider-330 slide-334\" \/><\/li>\n            <\/ul>\n        <\/div>\n        \n    <\/div>\n<\/div><\/div>\n<\/div>\n\n\n\n<div class=\"wp-block-column is-layout-flow wp-block-column-is-layout-flow\" style=\"flex-basis:25%\"><\/div>\n<\/div>","protected":false},"excerpt":{"rendered":"<div class=\"mh-excerpt\"><p>Zagreb Cvjetno Dockers je sljednik kluba Velika Gorica Bombers koji je 2011. osvojio prvenstvo Hrvatske. Nakon dogovora o suradnji sa AFL klubom Fremantle Dockers, klub <a class=\"mh-excerpt-more\" href=\"https:\/\/sanh.hr\/en\/klubovi\/muski\/zagreb-cvjetno-dockers\/\" title=\"Zagreb Cvjetno Dockers\">[&#8230;]<\/a><\/p>\n<\/div>","protected":false},"author":1,"featured_media":0,"parent":134,"menu_order":0,"comment_status":"closed","ping_status":"closed","template":"template-full.php","meta":{"footnotes":""},"class_list":["post-140","page","type-page","status-publish","hentry"],"_links":{"self":[{"href":"https:\/\/sanh.hr\/en\/wp-json\/wp\/v2\/pages\/140"}],"collection":[{"href":"https:\/\/sanh.hr\/en\/wp-json\/wp\/v2\/pages"}],"about":[{"href":"https:\/\/sanh.hr\/en\/wp-json\/wp\/v2\/types\/page"}],"author":[{"embeddable":true,"href":"https:\/\/sanh.hr\/en\/wp-json\/wp\/v2\/users\/1"}],"replies":[{"embeddable":true,"href":"https:\/\/sanh.hr\/en\/wp-json\/wp\/v2\/comments?post=140"}],"version-history":[{"count":14,"href":"https:\/\/sanh.hr\/en\/wp-json\/wp\/v2\/pages\/140\/revisions"}],"predecessor-version":[{"id":772,"href":"https:\/\/sanh.hr\/en\/wp-json\/wp\/v2\/pages\/140\/revisions\/772"}],"up":[{"embeddable":true,"href":"https:\/\/sanh.hr\/en\/wp-json\/wp\/v2\/pages\/134"}],"wp:attachment":[{"href":"https:\/\/sanh.hr\/en\/wp-json\/wp\/v2\/media?parent=140"}],"curies":[{"name":"wp","href":"https:\/\/api.w.org\/{rel}","templated":true}]}}