{"id":23,"date":"2020-04-13T22:42:17","date_gmt":"2020-04-13T21:42:17","guid":{"rendered":"https:\/\/testprod.sanh.hr\/?page_id=23"},"modified":"2020-10-25T21:51:56","modified_gmt":"2020-10-25T20:51:56","slug":"23-2","status":"publish","type":"page","link":"https:\/\/sanh.hr\/en\/","title":{"rendered":""},"content":{"rendered":"<h2 class=\"has-text-align-center has-text-color wp-block-heading\" style=\"color:#000000\">Welcome to the official Aussie rules football of Croatia site<\/h2>\n\n\n\n<div class=\"alignnormal\"><div id=\"metaslider-id-309\" style=\"width: 100%;\" class=\"ml-slider-3-60-1 metaslider metaslider-flex metaslider-309 ml-slider ms-theme-default\" role=\"region\" aria-roledescription=\"Slideshow\" aria-label=\"Homepage\">\n    <div id=\"metaslider_container_309\">\n        <div id=\"metaslider_309\">\n            <ul aria-live=\"polite\" class=\"slides\">\n                <li style=\"display: block; width: 100%;\" class=\"slide-762 ms-image\" aria-roledescription=\"slide\" aria-label=\"slide-762\"><img loading=\"lazy\" decoding=\"async\" src=\"https:\/\/sanh.hr\/wp-content\/uploads\/2024\/08\/kiel2024.png\" height=\"300\" width=\"700\" alt=\"\" class=\"slider-309 slide-762\" title=\"Hrvatska reprezentacija na EURO CUP-u\" \/><div class=\"caption-wrap\"><div class=\"caption\">Hrvatska reprezentacija na EURO CUP-u<\/div><\/div><\/li>\n            <\/ul>\n        <\/div>\n        \n    <\/div>\n<\/div><\/div>\n\n\n\n<div class=\"wp-block-group\"><div class=\"wp-block-group__inner-container is-layout-flow wp-block-group-is-layout-flow\"><ul class=\"wp-block-latest-posts__list is-grid columns-4 has-dates wp-block-latest-posts\"><li><div class=\"wp-block-latest-posts__featured-image aligncenter\"><img loading=\"lazy\" decoding=\"async\" width=\"150\" height=\"150\" src=\"https:\/\/sanh.hr\/wp-content\/uploads\/2024\/08\/Euro-Cup-Fuel-the-Fire-150x150.png\" class=\"attachment-thumbnail size-thumbnail wp-post-image\" alt=\"\" style=\"\" srcset=\"https:\/\/sanh.hr\/wp-content\/uploads\/2024\/08\/Euro-Cup-Fuel-the-Fire-150x150.png 150w, https:\/\/sanh.hr\/wp-content\/uploads\/2024\/08\/Euro-Cup-Fuel-the-Fire-300x300.png 300w\" sizes=\"(max-width: 150px) 100vw, 150px\" \/><\/div><a class=\"wp-block-latest-posts__post-title\" href=\"https:\/\/sanh.hr\/en\/2024\/08\/06\/fuel-the-fire-support-the-croatian-knights-queens-at-the-2024-euro-cup\/\">Fuel the Fire: Support the Croatian Knights &amp; Queens at the 2024 Euro Cup<\/a><time datetime=\"2024-08-06T21:41:50+02:00\" class=\"wp-block-latest-posts__post-date\">6 August 2024<\/time><div class=\"wp-block-latest-posts__post-excerpt\">The Croatian Knights and Queens&nbsp;are not just teams; they are a testament to the relentless spirit and passion of Croatian athletes. This October, they need <a class=\"mh-excerpt-more\" href=\"https:\/\/sanh.hr\/en\/2024\/08\/06\/fuel-the-fire-support-the-croatian-knights-queens-at-the-2024-euro-cup\/\" title=\"Fuel the Fire: Support the Croatian Knights &amp; Queens at the 2024 Euro Cup\">[&#8230;]<\/a><\/div><\/li>\n<li><div class=\"wp-block-latest-posts__featured-image aligncenter\"><img loading=\"lazy\" decoding=\"async\" width=\"150\" height=\"150\" src=\"https:\/\/sanh.hr\/wp-content\/uploads\/2024\/03\/Untitled-design-1-150x150.png\" class=\"attachment-thumbnail size-thumbnail wp-post-image\" alt=\"\" style=\"\" srcset=\"https:\/\/sanh.hr\/wp-content\/uploads\/2024\/03\/Untitled-design-1-150x150.png 150w, https:\/\/sanh.hr\/wp-content\/uploads\/2024\/03\/Untitled-design-1-300x300.png 300w\" sizes=\"(max-width: 150px) 100vw, 150px\" \/><\/div><a class=\"wp-block-latest-posts__post-title\" href=\"https:\/\/sanh.hr\/en\/2024\/03\/14\/legende-afl-a-u-zagrebu\/\">Legende AFL-a u Zagrebu<\/a><time datetime=\"2024-03-14T16:19:25+01:00\" class=\"wp-block-latest-posts__post-date\">14 March 2024<\/time><div class=\"wp-block-latest-posts__post-excerpt\">U suradnji sa Aussie Rules Global organizirali smo za sve zainteresirane edukacije za trenere i radionice za djecu U Zagrebu \u0107emo od 09.-13.10.2024. organizirati edukaciju <a class=\"mh-excerpt-more\" href=\"https:\/\/sanh.hr\/en\/2024\/03\/14\/legende-afl-a-u-zagrebu\/\" title=\"Legende AFL-a u Zagrebu\">[&#8230;]<\/a><\/div><\/li>\n<li><div class=\"wp-block-latest-posts__featured-image aligncenter\"><img loading=\"lazy\" decoding=\"async\" width=\"150\" height=\"150\" src=\"https:\/\/sanh.hr\/wp-content\/uploads\/2020\/04\/sanh-full-150x150.jpg\" class=\"attachment-thumbnail size-thumbnail wp-post-image\" alt=\"\" style=\"\" \/><\/div><a class=\"wp-block-latest-posts__post-title\" href=\"https:\/\/sanh.hr\/en\/2024\/02\/01\/objavljen-raspored-za-sezonu-2024\/\">Objavljen raspored za sezonu 2024.<\/a><time datetime=\"2024-02-01T19:48:54+01:00\" class=\"wp-block-latest-posts__post-date\">1 February 2024<\/time><div class=\"wp-block-latest-posts__post-excerpt\">Kako se pribli\u017eava po\u010detak nove sezone, bacili smo se na posao i napravili raspored odigravanja na\u0161eg HLAN-a. Primijetiti \u0107e te kako smo uveli promjene u <a class=\"mh-excerpt-more\" href=\"https:\/\/sanh.hr\/en\/2024\/02\/01\/objavljen-raspored-za-sezonu-2024\/\" title=\"Objavljen raspored za sezonu 2024.\">[&#8230;]<\/a><\/div><\/li>\n<\/ul><\/div><\/div>\n\n\n\n<div style=\"height:20px\" aria-hidden=\"true\" class=\"wp-block-spacer\"><\/div>\n\n\n\n<hr class=\"wp-block-separator has-text-color has-background has-vivid-cyan-blue-background-color has-vivid-cyan-blue-color is-style-default\"\/>\n\n\n\n<div style=\"height:50px\" aria-hidden=\"true\" class=\"wp-block-spacer\"><\/div>\n\n\n\n<div class=\"wp-block-group\"><div class=\"wp-block-group__inner-container is-layout-flow wp-block-group-is-layout-flow\">\n<div class=\"wp-block-group\"><div class=\"wp-block-group__inner-container is-layout-flow wp-block-group-is-layout-flow\">\n<div class=\"wp-block-group\"><div class=\"wp-block-group__inner-container is-layout-flow wp-block-group-is-layout-flow\">\n<h2 class=\"wp-block-heading\"><span style=\"text-decoration: underline;\">What is Australian football?<\/span> <\/h2>\n<\/div><\/div>\n<\/div><\/div>\n<\/div><\/div>\n\n\n\n<div class=\"wp-block-group\"><div class=\"wp-block-group__inner-container is-layout-flow wp-block-group-is-layout-flow\">\n<div class=\"wp-block-group\"><div class=\"wp-block-group__inner-container is-layout-flow wp-block-group-is-layout-flow\">\n<iframe loading=\"lazy\" width=\"560\" height=\"315\" src=\"https:\/\/www.youtube.com\/embed\/XMZYZcoAcU0\" frameborder=\"0\" allow=\"accelerometer; autoplay; clipboard-write; encrypted-media; gyroscope; picture-in-picture\" allowfullscreen=\"\"><\/iframe><p class=\"has-text-align-left\"><strong>Australian football<\/strong> je mom\u010dadski sport koji se igra s 18 igra\u010da u polju, a igra se na igrali\u0161tu za kriket ili sli\u010dnom ovalnom igrali\u0161tu, koje mora biti dugo 135-185 metara, a \u0161iroko 110-150 metara. Igra se loptom jajastog oblika, ali je ona razli\u010dita od one kojom se igra ragbi ili ameri\u010dki nogomet. Sli\u010dan je ragbiju, ameri\u010dkom nogometu i keltskom nogometu (Gaelic football), a koristi i neke elemente iz nogometa.<\/p>\n<\/div><\/div>\n<\/div><\/div>\n\n\n\n<div style=\"height:20px\" aria-hidden=\"true\" class=\"wp-block-spacer\"><\/div>\n\n\n\n<hr class=\"wp-block-separator has-text-color has-background has-vivid-cyan-blue-background-color has-vivid-cyan-blue-color is-style-default\"\/>\n\n\n\n<div style=\"height:50px\" aria-hidden=\"true\" class=\"wp-block-spacer\"><\/div>\n\n\n\n<h2 class=\"wp-block-heading\"><span style=\"text-decoration: underline;\">Want to train with us?<\/span><\/h2>\n\n\n\n<p>Check out Croatian teams, as well as their location and practice hours <strong><a href=\"https:\/\/sanh.hr\/en\/klubovi\/\" data-type=\"URL\" data-id=\"https:\/\/sanh.hr\/klubovi\/\">here<\/a><\/strong>.<\/p>\n\n\n\n<div style=\"height:50px\" aria-hidden=\"true\" class=\"wp-block-spacer\"><\/div>\n\n\n\n<hr class=\"wp-block-separator has-text-color has-background has-vivid-cyan-blue-background-color has-vivid-cyan-blue-color is-style-default\"\/>\n\n\n\n<div style=\"height:50px\" aria-hidden=\"true\" class=\"wp-block-spacer\"><\/div>\n\n\n\n<h2 class=\"wp-block-heading\"><span style=\"text-decoration: underline;\">Contact us!<\/span><\/h2>\n\n\n<div class=\"wpforms-container wpforms-container-full wpforms-block\" id=\"wpforms-94\"><form id=\"wpforms-form-94\" class=\"wpforms-validate wpforms-form wpforms-ajax-form\" data-formid=\"94\" method=\"post\" enctype=\"multipart\/form-data\" action=\"\/en\/wp-json\/wp\/v2\/pages\/23\" data-token=\"fd4640a8224778e4a9d5ad03913f64e9\" data-trp-original-action=\"\/en\/wp-json\/wp\/v2\/pages\/23\"><noscript class=\"wpforms-error-noscript\">Please enable JavaScript in your browser to complete this form.<\/noscript><div class=\"wpforms-field-container\"><div id=\"wpforms-94-field_0-container\" class=\"wpforms-field wpforms-field-name\" data-field-id=\"0\"><label class=\"wpforms-field-label\" for=\"wpforms-94-field_0\">Name <span class=\"wpforms-required-label\">*<\/span><\/label><input type=\"text\" id=\"wpforms-94-field_0\" class=\"wpforms-field-medium wpforms-field-required\" name=\"wpforms[fields][0]\" required><\/div><div id=\"wpforms-94-field_1-container\" class=\"wpforms-field wpforms-field-email\" data-field-id=\"1\"><label class=\"wpforms-field-label\" for=\"wpforms-94-field_1\">Email <span class=\"wpforms-required-label\">*<\/span><\/label><input type=\"email\" id=\"wpforms-94-field_1\" class=\"wpforms-field-medium wpforms-field-required\" name=\"wpforms[fields][1]\" spellcheck=\"false\" required><\/div><div id=\"wpforms-94-field_2-container\" class=\"wpforms-field wpforms-field-textarea\" data-field-id=\"2\"><label class=\"wpforms-field-label\" for=\"wpforms-94-field_2\">Message <span class=\"wpforms-required-label\">*<\/span><\/label><textarea id=\"wpforms-94-field_2\" class=\"wpforms-field-medium wpforms-field-required\" name=\"wpforms[fields][2]\" required><\/textarea><\/div><\/div><!-- .wpforms-field-container --><div class=\"wpforms-field wpforms-field-hp\"><label for=\"wpforms-94-field-hp\" class=\"wpforms-field-label\">Phone<\/label><input type=\"text\" name=\"wpforms[hp]\" id=\"wpforms-94-field-hp\" class=\"wpforms-field-medium\"><\/div><div class=\"wpforms-recaptcha-container wpforms-is-hcaptcha\" ><div class=\"g-recaptcha\" data-sitekey=\"ac8e21b1-0720-43f7-b88b-292dbdd17816\"><\/div><input type=\"text\" name=\"g-recaptcha-hidden\" class=\"wpforms-recaptcha-hidden\" style=\"position:absolute!important;clip:rect(0,0,0,0)!important;height:1px!important;width:1px!important;border:0!important;overflow:hidden!important;padding:0!important;margin:0!important;\" data-rule-hcaptcha=\"1\"><\/div><div class=\"wpforms-submit-container\" ><input type=\"hidden\" name=\"wpforms[id]\" value=\"94\"><input type=\"hidden\" name=\"wpforms[author]\" value=\"1\"><button type=\"submit\" name=\"wpforms[submit]\" id=\"wpforms-submit-94\" class=\"wpforms-submit\" data-alt-text=\"\u0160aljem\u2026\" data-submit-text=\"Po\u0161alji\" aria-live=\"assertive\" value=\"wpforms-submit\">Send<\/button><img loading=\"lazy\" decoding=\"async\" src=\"https:\/\/sanh.hr\/wp-content\/plugins\/wpforms-lite\/assets\/images\/submit-spin.svg\" class=\"wpforms-submit-spinner\" style=\"display: none;\" width=\"26\" height=\"26\" alt=\"Loading\"><\/div><input type=\"hidden\" name=\"trp-form-language\" value=\"en\"\/><\/form><\/div>  <!-- .wpforms-container -->\n\n\n<div style=\"height:50px\" aria-hidden=\"true\" class=\"wp-block-spacer\"><\/div>\n\n\n\n<hr class=\"wp-block-separator has-text-color has-background has-vivid-cyan-blue-background-color has-vivid-cyan-blue-color is-style-default\"\/>\n\n\n\n<div style=\"height:50px\" aria-hidden=\"true\" class=\"wp-block-spacer\"><\/div>\n\n\n\n<h4 class=\"wp-block-heading\">Sponsors<\/h4>\n\n\n\n<div style=\"display: flex;\">\n<a style=\"margin-right: 40px;\" href=\"https:\/\/jurcevic.com\/\"><img loading=\"lazy\" decoding=\"async\" class=\"size-full wp-image-98 aligncenter\" src=\"https:\/\/sanh.hr\/wp-content\/uploads\/2020\/05\/sponzori_jurcevic2.png\" alt=\"\" width=\"118\" height=\"55\"><\/a> <a style=\"margin-right: 40px;\" href=\"https:\/\/ilirijabiograd.com\/\"><img loading=\"lazy\" decoding=\"async\" class=\"wp-image-96 size-full aligncenter\" src=\"https:\/\/sanh.hr\/wp-content\/uploads\/2020\/05\/ili-e1589233909920.png\" alt=\"\" width=\"150\" height=\"55\"><\/a> <a href=\"http:\/\/www.versus-consult.hr\/\"><img loading=\"lazy\" decoding=\"async\" class=\"wp-image-96 size-full aligncenter\" src=\"https:\/\/sanh.hr\/wp-content\/uploads\/2020\/10\/versus-consult1.jpg\" alt=\"\"  width=\"55\" height=\"55\"><\/a>\n<\/div>\n<br>\n\n\n\n<h4>Association friends<\/h4>\n\n\n\n<div style=\"display: flex;\">\n<a style=\"margin-right: 40px;\" href=\"https:\/\/afleurope.org\/\"><img loading=\"lazy\" decoding=\"async\" class=\"size-full wp-image-97 aligncenter\" src=\"https:\/\/sanh.hr\/wp-content\/uploads\/2020\/05\/sponzori_AFL-EUROPE-55.png\" alt=\"\" width=\"68\" height=\"55\"><\/a> <a href=\"https:\/\/croatia.embassy.gov.au\/zgrb\/home.html\"><img loading=\"lazy\" decoding=\"async\" class=\"size-full wp-image-95 aligncenter\" src=\"https:\/\/sanh.hr\/wp-content\/uploads\/2020\/05\/ambasada.png\" alt=\"\" width=\"100\" height=\"77\"><\/a>\n<\/div>","protected":false},"excerpt":{"rendered":"<div class=\"mh-excerpt\"><p>Dobrodo\u0161li na slu\u017ebenu stranicu Saveza Australskog nogometa Hrvatske! \u0160to je australski nogomet? Australski nogomet je mom\u010dadski sport koji se igra s 18 igra\u010da u polju, <a class=\"mh-excerpt-more\" href=\"https:\/\/sanh.hr\/en\/\" title=\"\">[&#8230;]<\/a><\/p>\n<\/div>","protected":false},"author":1,"featured_media":0,"parent":0,"menu_order":0,"comment_status":"closed","ping_status":"closed","template":"","meta":{"footnotes":""},"class_list":["post-23","page","type-page","status-publish","hentry"],"_links":{"self":[{"href":"https:\/\/sanh.hr\/en\/wp-json\/wp\/v2\/pages\/23"}],"collection":[{"href":"https:\/\/sanh.hr\/en\/wp-json\/wp\/v2\/pages"}],"about":[{"href":"https:\/\/sanh.hr\/en\/wp-json\/wp\/v2\/types\/page"}],"author":[{"embeddable":true,"href":"https:\/\/sanh.hr\/en\/wp-json\/wp\/v2\/users\/1"}],"replies":[{"embeddable":true,"href":"https:\/\/sanh.hr\/en\/wp-json\/wp\/v2\/comments?post=23"}],"version-history":[{"count":55,"href":"https:\/\/sanh.hr\/en\/wp-json\/wp\/v2\/pages\/23\/revisions"}],"predecessor-version":[{"id":808,"href":"https:\/\/sanh.hr\/en\/wp-json\/wp\/v2\/pages\/23\/revisions\/808"}],"wp:attachment":[{"href":"https:\/\/sanh.hr\/en\/wp-json\/wp\/v2\/media?parent=23"}],"curies":[{"name":"wp","href":"https:\/\/api.w.org\/{rel}","templated":true}]}}