{"id":543,"date":"2021-01-02T16:06:39","date_gmt":"2021-01-02T15:06:39","guid":{"rendered":"https:\/\/sanh.hr\/?page_id=543"},"modified":"2021-01-04T20:31:17","modified_gmt":"2021-01-04T19:31:17","slug":"euro-kup-2018-knights","status":"publish","type":"page","link":"https:\/\/sanh.hr\/en\/reprezentacija\/knights\/euro-kup-2018-knights\/","title":{"rendered":"Euro Kup 2018. &#8211; Knights"},"content":{"rendered":"<figure class=\"wp-block-image size-large\"><img loading=\"lazy\" decoding=\"async\" width=\"1024\" height=\"683\" src=\"https:\/\/sanh.hr\/wp-content\/uploads\/2021\/01\/Cork_2018-1024x683.jpg\" alt=\"\" class=\"wp-image-544\" srcset=\"https:\/\/sanh.hr\/wp-content\/uploads\/2021\/01\/Cork_2018-1024x683.jpg 1024w, https:\/\/sanh.hr\/wp-content\/uploads\/2021\/01\/Cork_2018-300x200.jpg 300w, https:\/\/sanh.hr\/wp-content\/uploads\/2021\/01\/Cork_2018-768x512.jpg 768w, https:\/\/sanh.hr\/wp-content\/uploads\/2021\/01\/Cork_2018-1536x1025.jpg 1536w, https:\/\/sanh.hr\/wp-content\/uploads\/2021\/01\/Cork_2018-128x85.jpg 128w, https:\/\/sanh.hr\/wp-content\/uploads\/2021\/01\/Cork_2018-32x21.jpg 32w, https:\/\/sanh.hr\/wp-content\/uploads\/2021\/01\/Cork_2018.jpg 1817w\" sizes=\"(max-width: 1024px) 100vw, 1024px\" \/><figcaption>Cork, 2018.<\/figcaption><\/figure>\n\n\n\n<div class=\"wp-block-group\"><div class=\"wp-block-group__inner-container is-layout-flow wp-block-group-is-layout-flow\">\n<div class=\"wp-block-group\"><div class=\"wp-block-group__inner-container is-layout-flow wp-block-group-is-layout-flow\">\n<p><strong>Sastav:<\/strong><br>&#8211; Gornji red s lijeva: Tomislav Cvetko, Ivan Ivo\u0161, Josip Karad\u017ea, Fran Tonkovi\u0107, Dino Suli\u0107, Mislav Karamati\u0107, Viktor Kol\u010di\u0107, Dejan Pavkovi\u0107, Filip Leni\u0107<br>&#8211; Donji red s lijeva: Josip Habljak, Josip Motik, Josip Kravar, Lovre \u010cudina, Roko Buljanovi\u0107, Jakov Nanjara<br>&#8211; Nije na slici: Zvonimir Murkovi\u0107<\/p>\n\n\n\n<p><strong>Mjesto:<\/strong> Cork, Irska<br><strong>Rezultat: 3. mjesto<\/strong><br><strong>Trener:<\/strong> Ivan Molnar<br><strong>Kapetan:<\/strong> Ivan Ivo\u0161<br><strong>Dokapetan:<\/strong> Josip Habljak<br><strong>U ekipi turnira:<\/strong> Josip Habljak<\/p>\n\n\n\n<p><strong>Rezultati<\/strong><br>Skupina<br>&#8211; Croatian Knights 9.5(59) vs 0.2(2) Tel Aviv Cheetahs<br>&#8211; Croatian Knights 10.10(70) vs 2.4(16) Netherlands Flying Dutchmen<br><br>\u010cetvrtfinale<br>&#8211; Croatian Knights 3.5(23) vs 2.7(19) German Eagles<br><br>Polufinale<br>&#8211; Irish Warriors 5.6(36) vs 0.3(3) Croatian Knights<br><br>Za 3. mjesto<br>&#8211; Croatian Knights (won) vs  England Dragonslayers<br>(<a href=\"https:\/\/youtu.be\/2fVGkQJT5g0?t=7492\" target=\"_blank\" rel=\"noreferrer noopener\">https:\/\/youtu.be\/2fVGkQJT5g0?t=7492<\/a>; 2:04:50 &#8211; 2:33:20)<\/p>\n<\/div><\/div>\n<\/div><\/div>\n\n\n\n<figure class=\"wp-block-gallery columns-5 is-cropped wp-block-gallery-1 is-layout-flex wp-block-gallery-is-layout-flex\"><ul class=\"blocks-gallery-grid\"><li class=\"blocks-gallery-item\"><figure><img loading=\"lazy\" decoding=\"async\" width=\"1024\" height=\"683\" src=\"https:\/\/sanh.hr\/wp-content\/uploads\/2021\/01\/44677321_2073509839336161_8830244007985545216_o-1024x683.jpg\" alt=\"\" data-id=\"545\" data-full-url=\"https:\/\/sanh.hr\/wp-content\/uploads\/2021\/01\/44677321_2073509839336161_8830244007985545216_o.jpg\" data-link=\"https:\/\/sanh.hr\/44677321_2073509839336161_8830244007985545216_o\/\" class=\"wp-image-545\" srcset=\"https:\/\/sanh.hr\/wp-content\/uploads\/2021\/01\/44677321_2073509839336161_8830244007985545216_o-1024x683.jpg 1024w, https:\/\/sanh.hr\/wp-content\/uploads\/2021\/01\/44677321_2073509839336161_8830244007985545216_o-300x200.jpg 300w, https:\/\/sanh.hr\/wp-content\/uploads\/2021\/01\/44677321_2073509839336161_8830244007985545216_o-768x512.jpg 768w, https:\/\/sanh.hr\/wp-content\/uploads\/2021\/01\/44677321_2073509839336161_8830244007985545216_o-1536x1024.jpg 1536w, https:\/\/sanh.hr\/wp-content\/uploads\/2021\/01\/44677321_2073509839336161_8830244007985545216_o-128x85.jpg 128w, https:\/\/sanh.hr\/wp-content\/uploads\/2021\/01\/44677321_2073509839336161_8830244007985545216_o-32x21.jpg 32w, https:\/\/sanh.hr\/wp-content\/uploads\/2021\/01\/44677321_2073509839336161_8830244007985545216_o.jpg 2048w\" sizes=\"(max-width: 1024px) 100vw, 1024px\" \/><\/figure><\/li><li class=\"blocks-gallery-item\"><figure><img loading=\"lazy\" decoding=\"async\" width=\"1024\" height=\"683\" src=\"https:\/\/sanh.hr\/wp-content\/uploads\/2021\/01\/44598568_2073507012669777_5999798991565357056_o-1024x683.jpg\" alt=\"\" data-id=\"547\" data-full-url=\"https:\/\/sanh.hr\/wp-content\/uploads\/2021\/01\/44598568_2073507012669777_5999798991565357056_o.jpg\" data-link=\"https:\/\/sanh.hr\/44598568_2073507012669777_5999798991565357056_o\/\" class=\"wp-image-547\" srcset=\"https:\/\/sanh.hr\/wp-content\/uploads\/2021\/01\/44598568_2073507012669777_5999798991565357056_o-1024x683.jpg 1024w, https:\/\/sanh.hr\/wp-content\/uploads\/2021\/01\/44598568_2073507012669777_5999798991565357056_o-300x200.jpg 300w, https:\/\/sanh.hr\/wp-content\/uploads\/2021\/01\/44598568_2073507012669777_5999798991565357056_o-768x512.jpg 768w, https:\/\/sanh.hr\/wp-content\/uploads\/2021\/01\/44598568_2073507012669777_5999798991565357056_o-1536x1024.jpg 1536w, https:\/\/sanh.hr\/wp-content\/uploads\/2021\/01\/44598568_2073507012669777_5999798991565357056_o-128x85.jpg 128w, https:\/\/sanh.hr\/wp-content\/uploads\/2021\/01\/44598568_2073507012669777_5999798991565357056_o-32x21.jpg 32w, https:\/\/sanh.hr\/wp-content\/uploads\/2021\/01\/44598568_2073507012669777_5999798991565357056_o.jpg 2048w\" sizes=\"(max-width: 1024px) 100vw, 1024px\" \/><\/figure><\/li><li class=\"blocks-gallery-item\"><figure><img loading=\"lazy\" decoding=\"async\" width=\"1024\" height=\"683\" src=\"https:\/\/sanh.hr\/wp-content\/uploads\/2021\/01\/44775285_2073508052669673_8767461632046530560_o-1024x683.jpg\" alt=\"\" data-id=\"549\" data-full-url=\"https:\/\/sanh.hr\/wp-content\/uploads\/2021\/01\/44775285_2073508052669673_8767461632046530560_o.jpg\" data-link=\"https:\/\/sanh.hr\/44775285_2073508052669673_8767461632046530560_o\/\" class=\"wp-image-549\" srcset=\"https:\/\/sanh.hr\/wp-content\/uploads\/2021\/01\/44775285_2073508052669673_8767461632046530560_o-1024x683.jpg 1024w, https:\/\/sanh.hr\/wp-content\/uploads\/2021\/01\/44775285_2073508052669673_8767461632046530560_o-300x200.jpg 300w, https:\/\/sanh.hr\/wp-content\/uploads\/2021\/01\/44775285_2073508052669673_8767461632046530560_o-768x512.jpg 768w, https:\/\/sanh.hr\/wp-content\/uploads\/2021\/01\/44775285_2073508052669673_8767461632046530560_o-1536x1024.jpg 1536w, https:\/\/sanh.hr\/wp-content\/uploads\/2021\/01\/44775285_2073508052669673_8767461632046530560_o-128x85.jpg 128w, https:\/\/sanh.hr\/wp-content\/uploads\/2021\/01\/44775285_2073508052669673_8767461632046530560_o-32x21.jpg 32w, https:\/\/sanh.hr\/wp-content\/uploads\/2021\/01\/44775285_2073508052669673_8767461632046530560_o.jpg 2048w\" sizes=\"(max-width: 1024px) 100vw, 1024px\" \/><\/figure><\/li><li class=\"blocks-gallery-item\"><figure><img loading=\"lazy\" decoding=\"async\" width=\"600\" height=\"400\" src=\"https:\/\/sanh.hr\/wp-content\/uploads\/2021\/01\/44808476_2073497992670679_7076290629721915392_n.jpg\" alt=\"\" data-id=\"551\" data-full-url=\"https:\/\/sanh.hr\/wp-content\/uploads\/2021\/01\/44808476_2073497992670679_7076290629721915392_n.jpg\" data-link=\"https:\/\/sanh.hr\/44808476_2073497992670679_7076290629721915392_n\/\" class=\"wp-image-551\" srcset=\"https:\/\/sanh.hr\/wp-content\/uploads\/2021\/01\/44808476_2073497992670679_7076290629721915392_n.jpg 600w, https:\/\/sanh.hr\/wp-content\/uploads\/2021\/01\/44808476_2073497992670679_7076290629721915392_n-300x200.jpg 300w, https:\/\/sanh.hr\/wp-content\/uploads\/2021\/01\/44808476_2073497992670679_7076290629721915392_n-128x85.jpg 128w, https:\/\/sanh.hr\/wp-content\/uploads\/2021\/01\/44808476_2073497992670679_7076290629721915392_n-32x21.jpg 32w\" sizes=\"(max-width: 600px) 100vw, 600px\" \/><\/figure><\/li><li class=\"blocks-gallery-item\"><figure><img loading=\"lazy\" decoding=\"async\" width=\"600\" height=\"400\" src=\"https:\/\/sanh.hr\/wp-content\/uploads\/2021\/01\/43639073_2073496176004194_2156813588277231616_n.jpg\" alt=\"\" data-id=\"553\" data-full-url=\"https:\/\/sanh.hr\/wp-content\/uploads\/2021\/01\/43639073_2073496176004194_2156813588277231616_n.jpg\" data-link=\"https:\/\/sanh.hr\/43639073_2073496176004194_2156813588277231616_n\/\" class=\"wp-image-553\" srcset=\"https:\/\/sanh.hr\/wp-content\/uploads\/2021\/01\/43639073_2073496176004194_2156813588277231616_n.jpg 600w, https:\/\/sanh.hr\/wp-content\/uploads\/2021\/01\/43639073_2073496176004194_2156813588277231616_n-300x200.jpg 300w, https:\/\/sanh.hr\/wp-content\/uploads\/2021\/01\/43639073_2073496176004194_2156813588277231616_n-128x85.jpg 128w, https:\/\/sanh.hr\/wp-content\/uploads\/2021\/01\/43639073_2073496176004194_2156813588277231616_n-32x21.jpg 32w\" sizes=\"(max-width: 600px) 100vw, 600px\" \/><\/figure><\/li><li class=\"blocks-gallery-item\"><figure><img loading=\"lazy\" decoding=\"async\" width=\"600\" height=\"400\" src=\"https:\/\/sanh.hr\/wp-content\/uploads\/2021\/01\/44617440_2073497932670685_3667280623376007168_n.jpg\" alt=\"\" data-id=\"555\" data-full-url=\"https:\/\/sanh.hr\/wp-content\/uploads\/2021\/01\/44617440_2073497932670685_3667280623376007168_n.jpg\" data-link=\"https:\/\/sanh.hr\/44617440_2073497932670685_3667280623376007168_n\/\" class=\"wp-image-555\" srcset=\"https:\/\/sanh.hr\/wp-content\/uploads\/2021\/01\/44617440_2073497932670685_3667280623376007168_n.jpg 600w, https:\/\/sanh.hr\/wp-content\/uploads\/2021\/01\/44617440_2073497932670685_3667280623376007168_n-300x200.jpg 300w, https:\/\/sanh.hr\/wp-content\/uploads\/2021\/01\/44617440_2073497932670685_3667280623376007168_n-128x85.jpg 128w, https:\/\/sanh.hr\/wp-content\/uploads\/2021\/01\/44617440_2073497932670685_3667280623376007168_n-32x21.jpg 32w\" sizes=\"(max-width: 600px) 100vw, 600px\" \/><\/figure><\/li><li class=\"blocks-gallery-item\"><figure><img loading=\"lazy\" decoding=\"async\" width=\"400\" height=\"600\" src=\"https:\/\/sanh.hr\/wp-content\/uploads\/2021\/01\/44810173_2073496249337520_5323697592154980352_n.jpg\" alt=\"\" data-id=\"557\" data-full-url=\"https:\/\/sanh.hr\/wp-content\/uploads\/2021\/01\/44810173_2073496249337520_5323697592154980352_n.jpg\" data-link=\"https:\/\/sanh.hr\/44810173_2073496249337520_5323697592154980352_n\/\" class=\"wp-image-557\" srcset=\"https:\/\/sanh.hr\/wp-content\/uploads\/2021\/01\/44810173_2073496249337520_5323697592154980352_n.jpg 400w, https:\/\/sanh.hr\/wp-content\/uploads\/2021\/01\/44810173_2073496249337520_5323697592154980352_n-200x300.jpg 200w, https:\/\/sanh.hr\/wp-content\/uploads\/2021\/01\/44810173_2073496249337520_5323697592154980352_n-85x128.jpg 85w, https:\/\/sanh.hr\/wp-content\/uploads\/2021\/01\/44810173_2073496249337520_5323697592154980352_n-21x32.jpg 21w\" sizes=\"(max-width: 400px) 100vw, 400px\" \/><\/figure><\/li><li class=\"blocks-gallery-item\"><figure><img loading=\"lazy\" decoding=\"async\" width=\"400\" height=\"600\" src=\"https:\/\/sanh.hr\/wp-content\/uploads\/2021\/01\/44765778_2073496149337530_232732741488082944_n.jpg\" alt=\"\" data-id=\"559\" data-full-url=\"https:\/\/sanh.hr\/wp-content\/uploads\/2021\/01\/44765778_2073496149337530_232732741488082944_n.jpg\" data-link=\"https:\/\/sanh.hr\/44765778_2073496149337530_232732741488082944_n\/\" class=\"wp-image-559\" srcset=\"https:\/\/sanh.hr\/wp-content\/uploads\/2021\/01\/44765778_2073496149337530_232732741488082944_n.jpg 400w, https:\/\/sanh.hr\/wp-content\/uploads\/2021\/01\/44765778_2073496149337530_232732741488082944_n-200x300.jpg 200w, https:\/\/sanh.hr\/wp-content\/uploads\/2021\/01\/44765778_2073496149337530_232732741488082944_n-85x128.jpg 85w, https:\/\/sanh.hr\/wp-content\/uploads\/2021\/01\/44765778_2073496149337530_232732741488082944_n-21x32.jpg 21w\" sizes=\"(max-width: 400px) 100vw, 400px\" \/><\/figure><\/li><li class=\"blocks-gallery-item\"><figure><img loading=\"lazy\" decoding=\"async\" width=\"600\" height=\"400\" src=\"https:\/\/sanh.hr\/wp-content\/uploads\/2021\/01\/44702795_2073498092670669_5525444665748226048_n.jpg\" alt=\"\" data-id=\"561\" data-full-url=\"https:\/\/sanh.hr\/wp-content\/uploads\/2021\/01\/44702795_2073498092670669_5525444665748226048_n.jpg\" data-link=\"https:\/\/sanh.hr\/44702795_2073498092670669_5525444665748226048_n\/\" class=\"wp-image-561\" srcset=\"https:\/\/sanh.hr\/wp-content\/uploads\/2021\/01\/44702795_2073498092670669_5525444665748226048_n.jpg 600w, https:\/\/sanh.hr\/wp-content\/uploads\/2021\/01\/44702795_2073498092670669_5525444665748226048_n-300x200.jpg 300w, https:\/\/sanh.hr\/wp-content\/uploads\/2021\/01\/44702795_2073498092670669_5525444665748226048_n-128x85.jpg 128w, https:\/\/sanh.hr\/wp-content\/uploads\/2021\/01\/44702795_2073498092670669_5525444665748226048_n-32x21.jpg 32w\" sizes=\"(max-width: 600px) 100vw, 600px\" \/><\/figure><\/li><li class=\"blocks-gallery-item\"><figure><img loading=\"lazy\" decoding=\"async\" width=\"1024\" height=\"576\" src=\"https:\/\/sanh.hr\/wp-content\/uploads\/2021\/01\/43734297_2073379196015892_7450295458439626752_o-1024x576.jpg\" alt=\"\" data-id=\"563\" data-full-url=\"https:\/\/sanh.hr\/wp-content\/uploads\/2021\/01\/43734297_2073379196015892_7450295458439626752_o.jpg\" data-link=\"https:\/\/sanh.hr\/43734297_2073379196015892_7450295458439626752_o\/\" class=\"wp-image-563\" srcset=\"https:\/\/sanh.hr\/wp-content\/uploads\/2021\/01\/43734297_2073379196015892_7450295458439626752_o-1024x576.jpg 1024w, https:\/\/sanh.hr\/wp-content\/uploads\/2021\/01\/43734297_2073379196015892_7450295458439626752_o-300x169.jpg 300w, https:\/\/sanh.hr\/wp-content\/uploads\/2021\/01\/43734297_2073379196015892_7450295458439626752_o-768x432.jpg 768w, https:\/\/sanh.hr\/wp-content\/uploads\/2021\/01\/43734297_2073379196015892_7450295458439626752_o-1536x864.jpg 1536w, https:\/\/sanh.hr\/wp-content\/uploads\/2021\/01\/43734297_2073379196015892_7450295458439626752_o-128x72.jpg 128w, https:\/\/sanh.hr\/wp-content\/uploads\/2021\/01\/43734297_2073379196015892_7450295458439626752_o-32x18.jpg 32w, https:\/\/sanh.hr\/wp-content\/uploads\/2021\/01\/43734297_2073379196015892_7450295458439626752_o-678x381.jpg 678w, https:\/\/sanh.hr\/wp-content\/uploads\/2021\/01\/43734297_2073379196015892_7450295458439626752_o.jpg 2048w\" sizes=\"(max-width: 1024px) 100vw, 1024px\" \/><\/figure><\/li><li class=\"blocks-gallery-item\"><figure><img loading=\"lazy\" decoding=\"async\" width=\"1024\" height=\"576\" src=\"https:\/\/sanh.hr\/wp-content\/uploads\/2021\/01\/44804650_2073384449348700_6166580538833371136_o-1024x576.jpg\" alt=\"\" data-id=\"565\" data-full-url=\"https:\/\/sanh.hr\/wp-content\/uploads\/2021\/01\/44804650_2073384449348700_6166580538833371136_o.jpg\" data-link=\"https:\/\/sanh.hr\/44804650_2073384449348700_6166580538833371136_o\/\" class=\"wp-image-565\" srcset=\"https:\/\/sanh.hr\/wp-content\/uploads\/2021\/01\/44804650_2073384449348700_6166580538833371136_o-1024x576.jpg 1024w, https:\/\/sanh.hr\/wp-content\/uploads\/2021\/01\/44804650_2073384449348700_6166580538833371136_o-300x169.jpg 300w, https:\/\/sanh.hr\/wp-content\/uploads\/2021\/01\/44804650_2073384449348700_6166580538833371136_o-768x432.jpg 768w, https:\/\/sanh.hr\/wp-content\/uploads\/2021\/01\/44804650_2073384449348700_6166580538833371136_o-1536x864.jpg 1536w, https:\/\/sanh.hr\/wp-content\/uploads\/2021\/01\/44804650_2073384449348700_6166580538833371136_o-128x72.jpg 128w, https:\/\/sanh.hr\/wp-content\/uploads\/2021\/01\/44804650_2073384449348700_6166580538833371136_o-32x18.jpg 32w, https:\/\/sanh.hr\/wp-content\/uploads\/2021\/01\/44804650_2073384449348700_6166580538833371136_o-678x381.jpg 678w, https:\/\/sanh.hr\/wp-content\/uploads\/2021\/01\/44804650_2073384449348700_6166580538833371136_o.jpg 2048w\" sizes=\"(max-width: 1024px) 100vw, 1024px\" \/><\/figure><\/li><li class=\"blocks-gallery-item\"><figure><img loading=\"lazy\" decoding=\"async\" width=\"1024\" height=\"576\" src=\"https:\/\/sanh.hr\/wp-content\/uploads\/2021\/01\/44859410_2073380396015772_6171091594523967488_o-1024x576.jpg\" alt=\"\" data-id=\"567\" data-full-url=\"https:\/\/sanh.hr\/wp-content\/uploads\/2021\/01\/44859410_2073380396015772_6171091594523967488_o.jpg\" data-link=\"https:\/\/sanh.hr\/44859410_2073380396015772_6171091594523967488_o\/\" class=\"wp-image-567\" srcset=\"https:\/\/sanh.hr\/wp-content\/uploads\/2021\/01\/44859410_2073380396015772_6171091594523967488_o-1024x576.jpg 1024w, https:\/\/sanh.hr\/wp-content\/uploads\/2021\/01\/44859410_2073380396015772_6171091594523967488_o-300x169.jpg 300w, https:\/\/sanh.hr\/wp-content\/uploads\/2021\/01\/44859410_2073380396015772_6171091594523967488_o-768x432.jpg 768w, https:\/\/sanh.hr\/wp-content\/uploads\/2021\/01\/44859410_2073380396015772_6171091594523967488_o-1536x864.jpg 1536w, https:\/\/sanh.hr\/wp-content\/uploads\/2021\/01\/44859410_2073380396015772_6171091594523967488_o-128x72.jpg 128w, https:\/\/sanh.hr\/wp-content\/uploads\/2021\/01\/44859410_2073380396015772_6171091594523967488_o-32x18.jpg 32w, https:\/\/sanh.hr\/wp-content\/uploads\/2021\/01\/44859410_2073380396015772_6171091594523967488_o-678x381.jpg 678w, https:\/\/sanh.hr\/wp-content\/uploads\/2021\/01\/44859410_2073380396015772_6171091594523967488_o.jpg 2048w\" sizes=\"(max-width: 1024px) 100vw, 1024px\" \/><\/figure><\/li><li class=\"blocks-gallery-item\"><figure><img loading=\"lazy\" decoding=\"async\" width=\"1024\" height=\"576\" src=\"https:\/\/sanh.hr\/wp-content\/uploads\/2021\/01\/44653774_2073382179348927_2048763914895753216_o-1024x576.jpg\" alt=\"\" data-id=\"569\" data-full-url=\"https:\/\/sanh.hr\/wp-content\/uploads\/2021\/01\/44653774_2073382179348927_2048763914895753216_o.jpg\" data-link=\"https:\/\/sanh.hr\/44653774_2073382179348927_2048763914895753216_o\/\" class=\"wp-image-569\" srcset=\"https:\/\/sanh.hr\/wp-content\/uploads\/2021\/01\/44653774_2073382179348927_2048763914895753216_o-1024x576.jpg 1024w, https:\/\/sanh.hr\/wp-content\/uploads\/2021\/01\/44653774_2073382179348927_2048763914895753216_o-300x169.jpg 300w, https:\/\/sanh.hr\/wp-content\/uploads\/2021\/01\/44653774_2073382179348927_2048763914895753216_o-768x432.jpg 768w, https:\/\/sanh.hr\/wp-content\/uploads\/2021\/01\/44653774_2073382179348927_2048763914895753216_o-1536x864.jpg 1536w, https:\/\/sanh.hr\/wp-content\/uploads\/2021\/01\/44653774_2073382179348927_2048763914895753216_o-128x72.jpg 128w, https:\/\/sanh.hr\/wp-content\/uploads\/2021\/01\/44653774_2073382179348927_2048763914895753216_o-32x18.jpg 32w, https:\/\/sanh.hr\/wp-content\/uploads\/2021\/01\/44653774_2073382179348927_2048763914895753216_o-678x381.jpg 678w, https:\/\/sanh.hr\/wp-content\/uploads\/2021\/01\/44653774_2073382179348927_2048763914895753216_o.jpg 2048w\" sizes=\"(max-width: 1024px) 100vw, 1024px\" \/><\/figure><\/li><li class=\"blocks-gallery-item\"><figure><img loading=\"lazy\" decoding=\"async\" width=\"1024\" height=\"576\" src=\"https:\/\/sanh.hr\/wp-content\/uploads\/2021\/01\/44675107_2073386426015169_4388504588420907008_o-1024x576.jpg\" alt=\"\" data-id=\"571\" data-full-url=\"https:\/\/sanh.hr\/wp-content\/uploads\/2021\/01\/44675107_2073386426015169_4388504588420907008_o.jpg\" data-link=\"https:\/\/sanh.hr\/44675107_2073386426015169_4388504588420907008_o\/\" class=\"wp-image-571\" srcset=\"https:\/\/sanh.hr\/wp-content\/uploads\/2021\/01\/44675107_2073386426015169_4388504588420907008_o-1024x576.jpg 1024w, https:\/\/sanh.hr\/wp-content\/uploads\/2021\/01\/44675107_2073386426015169_4388504588420907008_o-300x169.jpg 300w, https:\/\/sanh.hr\/wp-content\/uploads\/2021\/01\/44675107_2073386426015169_4388504588420907008_o-768x432.jpg 768w, https:\/\/sanh.hr\/wp-content\/uploads\/2021\/01\/44675107_2073386426015169_4388504588420907008_o-1536x864.jpg 1536w, https:\/\/sanh.hr\/wp-content\/uploads\/2021\/01\/44675107_2073386426015169_4388504588420907008_o-128x72.jpg 128w, https:\/\/sanh.hr\/wp-content\/uploads\/2021\/01\/44675107_2073386426015169_4388504588420907008_o-32x18.jpg 32w, https:\/\/sanh.hr\/wp-content\/uploads\/2021\/01\/44675107_2073386426015169_4388504588420907008_o-678x381.jpg 678w, https:\/\/sanh.hr\/wp-content\/uploads\/2021\/01\/44675107_2073386426015169_4388504588420907008_o.jpg 2048w\" sizes=\"(max-width: 1024px) 100vw, 1024px\" \/><\/figure><\/li><\/ul><figcaption class=\"blocks-gallery-caption\">Izvor: Paul Stack, Denis O&#8217;Flynn, Tim Murphy,  Neil O&#8217;Sullivan, AFL Europe<\/figcaption><\/figure>\n\n\n\n<p><\/p>","protected":false},"excerpt":{"rendered":"<div class=\"mh-excerpt\"><p>Sastav:&#8211; Gornji red s lijeva: Tomislav Cvetko, Ivan Ivo\u0161, Josip Karad\u017ea, Fran Tonkovi\u0107, Dino Suli\u0107, Mislav Karamati\u0107, Viktor Kol\u010di\u0107, Dejan Pavkovi\u0107, Filip Leni\u0107&#8211; Donji red <a class=\"mh-excerpt-more\" href=\"https:\/\/sanh.hr\/en\/reprezentacija\/knights\/euro-kup-2018-knights\/\" title=\"Euro Kup 2018. &#8211; Knights\">[&#8230;]<\/a><\/p>\n<\/div>","protected":false},"author":1,"featured_media":0,"parent":161,"menu_order":0,"comment_status":"closed","ping_status":"closed","template":"template-full.php","meta":{"footnotes":""},"class_list":["post-543","page","type-page","status-publish","hentry"],"_links":{"self":[{"href":"https:\/\/sanh.hr\/en\/wp-json\/wp\/v2\/pages\/543"}],"collection":[{"href":"https:\/\/sanh.hr\/en\/wp-json\/wp\/v2\/pages"}],"about":[{"href":"https:\/\/sanh.hr\/en\/wp-json\/wp\/v2\/types\/page"}],"author":[{"embeddable":true,"href":"https:\/\/sanh.hr\/en\/wp-json\/wp\/v2\/users\/1"}],"replies":[{"embeddable":true,"href":"https:\/\/sanh.hr\/en\/wp-json\/wp\/v2\/comments?post=543"}],"version-history":[{"count":4,"href":"https:\/\/sanh.hr\/en\/wp-json\/wp\/v2\/pages\/543\/revisions"}],"predecessor-version":[{"id":702,"href":"https:\/\/sanh.hr\/en\/wp-json\/wp\/v2\/pages\/543\/revisions\/702"}],"up":[{"embeddable":true,"href":"https:\/\/sanh.hr\/en\/wp-json\/wp\/v2\/pages\/161"}],"wp:attachment":[{"href":"https:\/\/sanh.hr\/en\/wp-json\/wp\/v2\/media?parent=543"}],"curies":[{"name":"wp","href":"https:\/\/api.w.org\/{rel}","templated":true}]}}